{"id":378,"date":"2014-10-04T09:13:02","date_gmt":"2014-10-04T09:13:02","guid":{"rendered":"http:\/\/giulianolenni.it\/?page_id=378"},"modified":"2014-10-04T09:13:02","modified_gmt":"2014-10-04T09:13:02","slug":"terme","status":"publish","type":"page","link":"http:\/\/www.giulianolenni.it\/?page_id=378","title":{"rendered":"Terme"},"content":{"rendered":"<p>Pochi fiumi e molte terme per un territorio, quello compreso fra la\u00a0<strong>Val d\u2019Orcia<\/strong>\u00a0e la\u00a0<strong>Valdichiana<\/strong>, legatissimo alle acque che, da sempre, hanno offerto all\u2019uomo condizioni ottimali per la vita.<\/p>\n<p>La stessa\u00a0<strong>Via Francigena<\/strong>, non a caso, snodava il suo percorso andando a sfiorare la fumante vasca di\u00a0<strong>Bagno Vignoni<\/strong>\u00a0e le \u201cscogliere\u201d di calcare di\u00a0<strong>Bagni San Filippo<\/strong>: localita\u2019, gi\u00e0 allora, frequentate da illustri personaggi e da una moltitudine infinita di pellegrini. Ogni zona ha tuttavia un rapporto diretto con le sorgenti termali: un po\u2019 dappertutto sono state rinvenute tracce di antiche terme, come a\u00a0<strong>San Casciano dei Bagni<\/strong>\u00a0e, naturalmente, a Chianciano, come dimostrano i significativi ritrovamenti di reperti provenienti da un edificio termale di epoca romana e da un tempio etrusco dedicato ad una divinit\u00e0 delle \u201cacque salutari\u201d, oggi conservati nel museo archeologico della citta\u2019.<\/p>\n<p>Dopo la caduta dell\u2019impero romano, durante tutto l\u2019alto medioevo, l\u2019interesse verso le terme si affievol\u00ec, per ritornare solo nel XIV secolo e rimanere vivo e inalterato nel tempo come dimostrano le numerose strutture nate attorno alle sorgenti.<\/p>\n<p>Lo stesso Fellini ha fatto crescere alberghi, parchi, negozi e luoghi di divertimento intorno alle sorgenti dell\u2019Acqua Santa e di Sant\u2019Elena, immortalando\u00a0<strong>Chianciano Terme<\/strong>\u00a0nel suo Otto e mezzo.<\/p>\n<p>A soli tre km da Chianciano, nella frazione di Sant\u2019Albino troviamo le\u00a0<strong>Terme di Montepulciano<\/strong>, all\u2019avanguardia nella ricerca e nell\u2019applicazione delle cure termali. Spostandoci definitivamente nella Valdichiana troviamo le acque sulfuree di\u00a0<strong>Rapolano<\/strong>\u00a0e infine la gigantesca piscina termale di Sarteano.<\/p>\n<table border=\"0\" width=\"100%\" cellspacing=\"2\" cellpadding=\"2\">\n<tbody>\n<tr>\n<td><img src=\"http:\/\/www.montepulcianohotels.it\/wp-content\/uploads\/2013\/04\/terme-montepulciano.jpg\" alt=\"\" align=\"left\" border=\"0\" \/><strong><a href=\"http:\/\/www.termedimontepulciano.it\/it\/index.html\" target=\"_blank\">TERME DI MONTEPULCIANO<\/a> (5 km)<\/strong><\/p>\n<p>Localit\u00e0 S. Albino Via delle Terme, 46 &#8211; Montepulciano (Siena)<\/p>\n<p>Tel. +39 0578 7911<\/p>\n<p>Fax. +39 0578 799149<\/p>\n<p>Il trattato \u201cDe Thermis\u201d di Andrea Bacci, edito nel 1571, riporta alcuni passi sulle sorgenti sulfuree che sgorgano a S.Albino di Montepulciano. Lo stabilimento delle Terme di Montepulciano nasce nel 1966 con l\u2019obiettivo di utilizzare in modo razionale e scientifico le propriet\u00e0 terapeutiche di queste acque sulfuree e salsobromoiodiche presenti nel sottosuolo, specializzandosi nella cura di patologie dell\u2019apparato respiratorio, e della pelle. Il centro termale \u00e8 inoltre attrezzato con docce scozzesi, docce atomizzate, piscina, trattamenti rassodanti, idratanti o defatiganti, idromassaggi, massaggi manuali, linfodrenaggio, maschere di fango, pulizia del viso, massaggi e trattamenti idratanti, rassodanti e purificanti e altro ancora per il benessere e la cura del corpo.<\/td>\n<td align=\"right\"><\/td>\n<\/tr>\n<\/tbody>\n<\/table>\n<table border=\"0\" width=\"100%\" cellspacing=\"2\" cellpadding=\"2\">\n<tbody>\n<tr>\n<td><img src=\"http:\/\/www.montepulcianohotels.it\/wp-content\/uploads\/2013\/04\/piscine.jpg\" alt=\"\" align=\"left\" border=\"0\" \/><strong><a href=\"http:\/\/www.termechianciano.it\/\" target=\"_blank\">TERME DI CHIANCIANO<\/a> (9 km)<\/strong><\/p>\n<p>Chianciano Terme (Siena)<\/p>\n<p>TEL +39 0578 68292\/3<\/p>\n<p>FAX +39 (0)578 60622<\/p>\n<p>Chianciano nota fin dai tempi degli Etruschi per le acque benefiche , \u00e8 ancora oggi un importantissimo punto di riferimento nel panorama termale italiano. Grazie alle sue sorgenti , Santa, Fucoli e Sillene, il centro \u00e8 in grado di proporre cure idropiniche che svolgono attivit\u00e0 disintossicante, curativa, diuretica. Accanto alle cure tradizionali, le terme di chianciano offrono trattamenti innovativi sia estetici che terapeutici e di r\u00e8mise-en-form, avvalendosi di equipes mediche e specialistiche altamente qualificate.<\/td>\n<td align=\"right\" width=\"1%\"><\/td>\n<\/tr>\n<\/tbody>\n<\/table>\n<table border=\"0\" width=\"100%\" cellspacing=\"2\" cellpadding=\"2\">\n<tbody>\n<tr>\n<td><img src=\"http:\/\/www.montepulcianohotels.it\/wp-content\/uploads\/2013\/04\/theia.jpg\" alt=\"\" align=\"left\" border=\"0\" \/><strong><a href=\"http:\/\/www.theia-ilbagnodeglietruschi.it\/\" target=\"_blank\">PISCINE THEIA <\/a> (9 km)<\/strong><\/p>\n<p>Chianciano Terme (Siena)<\/p>\n<p>TEL +39 848800243<\/p>\n<p>Le piscine termali Theia Il bagno degli Etruschi,il cui nome evoca le radici storiche del luogo, (intitolato dagli Etruschi a Sillene e che deriva dalla titanessa della luce, Theia, colei che splende fin lontano, madre di Selene), sono alimentate dall&#8217;acqua della sorgente Sillene; la temperatura \u00e8 compresa fra i 33 gradi e i 36 gradi.<\/p>\n<p>Il nuovo centro termale comprende 4 piscine esterne e 3 interne , tutte collegate fra loro e profonde intorno al metro e trenta.<\/td>\n<td align=\"right\" width=\"1%\"><\/td>\n<\/tr>\n<\/tbody>\n<\/table>\n<table border=\"0\" width=\"100%\" cellspacing=\"2\" cellpadding=\"2\">\n<tbody>\n<tr>\n<td><img src=\"http:\/\/www.montepulcianohotels.it\/wp-content\/uploads\/2013\/04\/sensoriali.jpg\" alt=\"\" align=\"left\" border=\"0\" \/><strong><a href=\"http:\/\/www.termesensoriali.it\/\" target=\"_blank\">TERME SENSORIALI <\/a>(9 km)<\/strong><\/p>\n<p>Chianciano Terme (Siena)<\/p>\n<p>TEL +39 848800243<\/p>\n<p>L\u2019acqua \u00e8 fonte di vita. Ancor di pi\u00f9 se termale, poich\u00e9 nel suo percorso dal sottosuolo fino alla sorgente si arricchisce di elementi che si rivelano preziosi per il trattamento della pelle. Il segreto dell\u2019efficacia della nuova linea Thermae SPA \u00e8 proprio nell\u2019acqua termale utilizzata, che scaturisce dalla millenaria Fonte Acqua Santa di Chianciano Terme.<\/td>\n<td align=\"right\" width=\"1%\"><\/td>\n<\/tr>\n<\/tbody>\n<\/table>\n<table border=\"0\" width=\"100%\" cellspacing=\"2\" cellpadding=\"2\">\n<tbody>\n<tr>\n<td><img src=\"http:\/\/www.montepulcianohotels.it\/wp-content\/uploads\/2013\/04\/vign.jpg\" alt=\"\" align=\"left\" border=\"0\" \/><strong><a href=\"http:\/\/www.termedibagnovignoni.it\/it\/index.html\" target=\"_blank\">TERME DI BAGNO VIGNONI<\/a> (19 km)<\/strong><\/p>\n<p>Frazione di San Quirico d\u2019Orcia (Siena)<\/p>\n<p>TEL +39 0577 887365<\/p>\n<p>Bagni con acque termominerali ad acqua corrente e fanghi naturali, vaporizzazioni etc\u2026, per le cure di reumatismi, artriti, nevriti, malattie della pelle e dell\u2019apparato respiratorio. A queste acque ricorsero anche Santa Caterina da Siena e Lorenzo il Magnifico. Da non perdere la visita alla stupenda piscina termale, risalente ad epoca romana, situata nella piazza del borgo. In antico le vasche per i bagni erano una per gli uomini e una per le donne. Inoltre ne esisteva una terza dove venivano immersi i cavalli.<\/td>\n<td align=\"right\" width=\"1%\"><\/td>\n<\/tr>\n<\/tbody>\n<\/table>\n<table border=\"0\" width=\"100%\" cellspacing=\"2\" cellpadding=\"2\">\n<tbody>\n<tr>\n<td><img src=\"http:\/\/www.montepulcianohotels.it\/wp-content\/uploads\/2013\/04\/sfilippo.jpg\" alt=\"\" align=\"left\" border=\"0\" \/><strong><a href=\"http:\/\/www.termesanfilippo.com\/\" target=\"_blank\">TERME SAN FILIPPO<\/a> (26 km)<\/strong><\/p>\n<p>Castiglione d\u2019Orcia (Siena)Tel +39 0577 872982<\/p>\n<p>Fax +39 0577 872007<\/p>\n<p>Le acque delle Terme San Filippo, solfureo-solfate-bicarbonate ipertermali (52\u00b0), con fanghi naturali, sono utilizzate nello stabilimento termale per balneoterapia, inalazioni, aerosol, aerosol ionizzato, aerosol ultrasonico, ma-schere facciali, doccia filiforme, nella cura delle patologie dell\u2019apparato cardio-respiratorio, dermatologiche e altre ancora. Alle Terme San Filippo si possono curare gli inestetismi del corpo e del viso attraverso idromassaggio in vasca multipla, peeling con sedimenti termali, massaggio sotto doccia vichy, fango al corpo riducente o anti-cellulite, maschera al viso con doccia filiforme.<\/td>\n<td align=\"right\" width=\"1%\"><\/td>\n<\/tr>\n<\/tbody>\n<\/table>\n<table border=\"0\" width=\"100%\" cellspacing=\"2\" cellpadding=\"2\">\n<tbody>\n<tr>\n<td><img src=\"http:\/\/www.montepulcianohotels.it\/wp-content\/uploads\/2013\/04\/a3w.jpg\" alt=\"\" align=\"left\" border=\"0\" \/><strong><a href=\"http:\/\/www.fonteverdespa.com\/it\/centro_termale_toscana.htm\" target=\"_blank\">CENTRO TERMALE FONTEVERDE<\/a> (35 km)<\/strong><br \/>\nLocalit\u00e0 Terme, 1 \u2013 53040 San Casciano dei Bagni (Siena)<br \/>\nTel. +39 0578 58023<br \/>\nFax +39 (0)578 58013<br \/>\nLa sorgente denominata Ferdinando I dei Medici in onore del fondatore del primo storico stabilimento termale alimenta la piscina del centro in modo perenne con acqua solfata, calcica, magnesiaca, fluorurata, ipertermale a 42\u00b0; la vasca \u00e8 attrezzata con idromassaggio naturale in cascata, percorso idromassaggio in controcorrente, idromassaggi a getto sotto \u201ccolli di cigno\u201d e panche sommerse per il massimo comfort . Il centro Fonteverde propone massaggi, trattamenti del corpo, del viso, di medicina estetica, discipline orientali, fitness e molto altro.<\/td>\n<td align=\"right\" width=\"0%\"><\/td>\n<\/tr>\n<\/tbody>\n<\/table>\n<table border=\"0\" width=\"100%\" cellspacing=\"2\" cellpadding=\"2\">\n<tbody>\n<tr>\n<td><img src=\"http:\/\/www.montepulcianohotels.it\/wp-content\/uploads\/2013\/04\/ba.jpg\" alt=\"\" align=\"left\" border=\"0\" \/><strong><a href=\"http:\/\/www.termeaq.it\/it\/terme-rapolano-siena\/1\/\" target=\"_blank\">TERME DI SAN GIOVANNI \u2013 ANTICA QUERCIOLAIA<\/a> (38 km)<\/strong><br \/>\nVia Trieste nr. 22<br \/>\n53040 \u2013 Rapolano Terme (SI)<br \/>\nTel. 0577-724030<br \/>\nFax. 0577-724053<br \/>\nLe acque sulfuree di Rapolano, ricchissime di sali minerali quali calcio, magnesio, sodio e potassio che associati al fango termale risultano estremamente efficaci nella cura di molte malattie dell\u2019apparato locomotore, soprattutto di tipo artro reumatico.<\/td>\n<td align=\"right\" width=\"1%\"><\/td>\n<\/tr>\n<\/tbody>\n<\/table>\n","protected":false},"excerpt":{"rendered":"<p>Pochi fiumi e molte terme per un territorio, quello compreso fra la\u00a0Val d\u2019Orcia\u00a0e la\u00a0Valdichiana, legatissimo alle acque che, da sempre, hanno offerto all\u2019uomo condizioni ottimali per la vita. La stessa\u00a0Via Francigena, non a caso, snodava il suo percorso andando a sfiorare la fumante vasca di\u00a0Bagno Vignoni\u00a0e le \u201cscogliere\u201d di calcare di\u00a0Bagni San Filippo: localita\u2019, gi\u00e0&hellip;<\/p>\n<p><a href=\"http:\/\/www.giulianolenni.it\/?page_id=378\" class=\"read-more-link\">Read More &rarr;<\/a><\/p>\n","protected":false},"author":1,"featured_media":0,"parent":0,"menu_order":17,"comment_status":"closed","ping_status":"closed","template":"","meta":[],"_links":{"self":[{"href":"http:\/\/www.giulianolenni.it\/index.php?rest_route=\/wp\/v2\/pages\/378"}],"collection":[{"href":"http:\/\/www.giulianolenni.it\/index.php?rest_route=\/wp\/v2\/pages"}],"about":[{"href":"http:\/\/www.giulianolenni.it\/index.php?rest_route=\/wp\/v2\/types\/page"}],"author":[{"embeddable":true,"href":"http:\/\/www.giulianolenni.it\/index.php?rest_route=\/wp\/v2\/users\/1"}],"replies":[{"embeddable":true,"href":"http:\/\/www.giulianolenni.it\/index.php?rest_route=%2Fwp%2Fv2%2Fcomments&post=378"}],"version-history":[{"count":1,"href":"http:\/\/www.giulianolenni.it\/index.php?rest_route=\/wp\/v2\/pages\/378\/revisions"}],"predecessor-version":[{"id":379,"href":"http:\/\/www.giulianolenni.it\/index.php?rest_route=\/wp\/v2\/pages\/378\/revisions\/379"}],"wp:attachment":[{"href":"http:\/\/www.giulianolenni.it\/index.php?rest_route=%2Fwp%2Fv2%2Fmedia&parent=378"}],"curies":[{"name":"wp","href":"https:\/\/api.w.org\/{rel}","templated":true}]}}